{"id":850,"date":"2020-04-03T02:38:40","date_gmt":"2020-04-03T02:38:40","guid":{"rendered":"https:\/\/c-s.lu\/energie-solaire\/"},"modified":"2020-07-21T17:15:36","modified_gmt":"2020-07-21T15:15:36","slug":"solarenergie","status":"publish","type":"page","link":"https:\/\/c-s.lu\/de\/solarenergie\/","title":{"rendered":"Solarenergie"},"content":{"rendered":"<p>[et_pb_section fb_built=&#8220;1&#8243; _builder_version=&#8220;4.4.1&#8243; background_image=&#8220;https:\/\/c-s.lu\/wp-content\/uploads\/2020\/04\/services-header-cshanen-luxembourg.jpg&#8220; height=&#8220;340px&#8220;][et_pb_row custom_padding_last_edited=&#8220;on|tablet&#8220; _builder_version=&#8220;4.4.1&#8243; max_width=&#8220;712px&#8220; max_width_tablet=&#8220;&#8220; max_width_phone=&#8220;&#8220; max_width_last_edited=&#8220;on|desktop&#8220; custom_padding_tablet=&#8220;|20px||20px|false|false&#8220; custom_padding_phone=&#8220;&#8220;][et_pb_column type=&#8220;4_4&#8243; _builder_version=&#8220;4.4.1&#8243;][et_pb_image src=&#8220;https:\/\/c-s.lu\/wp-content\/uploads\/2020\/06\/icon-syst\u00e8mes-solaires-cshanen-luxembourg.png&#8220; align=&#8220;center&#8220; _builder_version=&#8220;4.4.1&#8243; custom_padding=&#8220;60px|||||&#8220;][\/et_pb_image][et_pb_text _builder_version=&#8220;4.4.1&#8243; header_3_font=&#8220;Raleway|700|||||||&#8220; header_3_text_color=&#8220;#ffffff&#8220; header_3_font_size=&#8220;26px&#8220; header_3_line_height=&#8220;50px&#8220; custom_margin=&#8220;0px||10px||false|false&#8220; custom_padding=&#8220;||0px|||&#8220;]<\/p>\n<h3 style=\"text-align: center;\">Solarenergie<\/h3>\n<p>[\/et_pb_text][\/et_pb_column][\/et_pb_row][\/et_pb_section][et_pb_section fb_built=&#8220;1&#8243; _builder_version=&#8220;4.4.1&#8243; custom_padding=&#8220;0px||4px|||&#8220;][et_pb_row column_structure=&#8220;1_3,2_3&#8243; _builder_version=&#8220;4.4.1&#8243; width=&#8220;90%&#8220; max_width=&#8220;1199px&#8220; custom_padding=&#8220;35px||75px|||&#8220;][et_pb_column type=&#8220;1_3&#8243; _builder_version=&#8220;4.4.1&#8243;][et_pb_text module_class=&#8220;t1-desktop-none&#8220; _builder_version=&#8220;4.4.1&#8243; max_width=&#8220;330px&#8220; module_alignment=&#8220;left&#8220; custom_margin=&#8220;||2px|||&#8220; module_alignment_tablet=&#8220;center&#8220; module_alignment_phone=&#8220;&#8220; module_alignment_last_edited=&#8220;on|tablet&#8220;]<\/p>\n<p style=\"text-align: center;\"><span style=\"display: inline-block; height: 4px; width: 80px; border-radius: 4px; background: #0E0A36;\"><\/span><\/p>\n<p>[\/et_pb_text][et_pb_text module_class=&#8220;t1-desktop-none&#8220; _builder_version=&#8220;4.5.1&#8243; header_3_font=&#8220;Raleway|700|||||||&#8220; header_3_text_color=&#8220;#0E0A36&#8243; header_3_font_size=&#8220;18px&#8220; header_3_line_height=&#8220;28px&#8220; max_width=&#8220;330px&#8220; module_alignment=&#8220;left&#8220; custom_margin=&#8220;||1px|||&#8220; custom_padding=&#8220;3px||0px|||&#8220; hover_enabled=&#8220;0&#8243; module_alignment_tablet=&#8220;center&#8220; module_alignment_phone=&#8220;&#8220; module_alignment_last_edited=&#8220;on|tablet&#8220;]<\/p>\n<h3 style=\"text-align: center;\">Solarenergie<\/h3>\n<p>[\/et_pb_text][et_pb_text module_class=&#8220;t1-desktop-none&#8220; _builder_version=&#8220;4.5.1&#8243; text_font=&#8220;Raleway|700|||||||&#8220; text_text_color=&#8220;#0E0A36&#8243; text_line_height=&#8220;28px&#8220; header_3_font=&#8220;Raleway|700|||||||&#8220; header_3_text_color=&#8220;#0E0A36&#8243; header_3_font_size=&#8220;14px&#8220; header_3_line_height=&#8220;28px&#8220; max_width=&#8220;330px&#8220; module_alignment=&#8220;left&#8220; custom_margin=&#8220;-6px|||||&#8220; custom_padding=&#8220;3px|||||&#8220; hover_enabled=&#8220;0&#8243; module_alignment_tablet=&#8220;center&#8220; module_alignment_phone=&#8220;&#8220; module_alignment_last_edited=&#8220;on|tablet&#8220;]<\/p>\n<p style=\"text-align: center;\">Nutzen Sie die Kraft der Sonne<\/p>\n<p>[\/et_pb_text][et_pb_image src=&#8220;https:\/\/c-s.lu\/wp-content\/uploads\/2020\/04\/\u00e9nergie-solaire-cshanen-luxembourg.png&#8220; force_fullwidth=&#8220;on&#8220; _builder_version=&#8220;4.4.1&#8243; custom_padding=&#8220;123px||||false|false&#8220; custom_padding_tablet=&#8220;60px||||false|false&#8220; custom_padding_phone=&#8220;0px||||false|false&#8220; custom_padding_last_edited=&#8220;on|phone&#8220;][\/et_pb_image][\/et_pb_column][et_pb_column type=&#8220;2_3&#8243; _builder_version=&#8220;4.4.1&#8243;][et_pb_text module_class=&#8220;t1-mobile-none&#8220; _builder_version=&#8220;4.4.1&#8243; max_width=&#8220;330px&#8220; module_alignment=&#8220;left&#8220; custom_margin=&#8220;||2px|||&#8220;]<\/p>\n<p style=\"text-align: center;\"><span style=\"display: inline-block; height: 4px; width: 80px; border-radius: 4px; background: #0E0A36;\"><\/span><\/p>\n<p>[\/et_pb_text][et_pb_text module_class=&#8220;t1-mobile-none&#8220; _builder_version=&#8220;4.4.1&#8243; header_3_font=&#8220;Raleway|700|||||||&#8220; header_3_text_color=&#8220;#0E0A36&#8243; header_3_font_size=&#8220;18px&#8220; header_3_line_height=&#8220;28px&#8220; max_width=&#8220;330px&#8220; module_alignment=&#8220;left&#8220; custom_margin=&#8220;||1px|||&#8220; custom_padding=&#8220;3px||0px|||&#8220; hover_enabled=&#8220;0&#8243;]<\/p>\n<h3 style=\"text-align: center;\">Solarenergie<\/h3>\n<p>[\/et_pb_text][et_pb_text module_class=&#8220;t1-mobile-none&#8220; _builder_version=&#8220;4.4.1&#8243; text_font=&#8220;Raleway|700|||||||&#8220; text_text_color=&#8220;#0E0A36&#8243; text_line_height=&#8220;28px&#8220; header_3_font=&#8220;Raleway|700|||||||&#8220; header_3_text_color=&#8220;#0E0A36&#8243; header_3_font_size=&#8220;14px&#8220; header_3_line_height=&#8220;28px&#8220; max_width=&#8220;330px&#8220; module_alignment=&#8220;left&#8220; custom_margin=&#8220;-6px|||||&#8220; custom_padding=&#8220;3px|||||&#8220; hover_enabled=&#8220;0&#8243;]<\/p>\n<p style=\"text-align: center;\">Nutzen Sie die Kraft der Sonne<\/p>\n<p>[\/et_pb_text][et_pb_text _builder_version=&#8220;4.5.1&#8243; text_font=&#8220;Raleway|500|||||||&#8220; text_text_color=&#8220;#0E0A36&#8243; text_line_height=&#8220;24px&#8220;]<\/p>\n<p>Das Sonnenlicht ist eine unersch\u00f6pfliche, regenerative Energiequelle. Aus \u00f6kologischen Gr\u00fcnden spricht im Zuge der Energiewende alles daf\u00fcr, diese Energie nicht ungenutzt zu lassen. Mit einer thermischen Solaranlage k\u00f6nnen Sie die kostenlose Sonnenenergie nutzen und so Ihre monatlichen Energiekosten senken. Au\u00dferdem signalisieren Sie mit der Installation einer Solarthermie Ihr verantwortungsvolles Handeln f\u00fcr die Umwelt, indem Sie den CO\u2082-Aussto\u00df nachhaltig verringern. Durch die Investition in eine derartige Anlage steigern Sie gleichzeitig auch den Wert Ihrer Immobilie.<\/p>\n<p>[\/et_pb_text][et_pb_button button_url=&#8220;\/de\/kontakt&#8220; button_text=&#8220;Kontakt&#8220; module_class=&#8220;hover-red&#8220; _builder_version=&#8220;4.4.1&#8243; custom_button=&#8220;on&#8220; button_text_size=&#8220;14px&#8220; button_text_color=&#8220;#EC1C24&#8243; button_border_width=&#8220;2px&#8220; button_border_color=&#8220;#EC1C24&#8243; button_border_radius=&#8220;4px&#8220; button_font=&#8220;Raleway|700|||||||&#8220; button_use_icon=&#8220;off&#8220; custom_padding=&#8220;13px|45px|13px|45px|false|false&#8220;][\/et_pb_button][\/et_pb_column][\/et_pb_row][et_pb_row column_structure=&#8220;2_5,3_5&#8243; module_class=&#8220;lh-box-contact&#8220; _builder_version=&#8220;4.4.1&#8243; background_color=&#8220;rgba(0,0,0,0)&#8220; width=&#8220;90%&#8220; max_width=&#8220;1199px&#8220; custom_margin=&#8220;40px|auto|-6px|auto||&#8220; custom_padding=&#8220;0px||3px||false|false&#8220; global_module=&#8220;1082&#8243; saved_tabs=&#8220;all&#8220; locked=&#8220;off&#8220;][et_pb_column type=&#8220;2_5&#8243; module_class=&#8220;box-blue1&#8243; _builder_version=&#8220;4.4.1&#8243; custom_padding=&#8220;40px|40px|40px|40px|false|false&#8220; custom_padding_tablet=&#8220;20px|20px|20px|20px|false|false&#8220; custom_padding_phone=&#8220;&#8220; custom_padding_last_edited=&#8220;on|tablet&#8220; custom_css_main_element=&#8220;background:#0E0A36;&#8220;][et_pb_text _builder_version=&#8220;4.4.1&#8243; header_3_font=&#8220;Raleway|700|||||||&#8220; header_3_text_color=&#8220;#ffffff&#8220; header_3_font_size=&#8220;26px&#8220; header_3_line_height=&#8220;36px&#8220;]<\/p>\n<h3>C. Schanen<\/h3>\n<p>[\/et_pb_text][et_pb_text _builder_version=&#8220;4.4.1&#8243; text_font=&#8220;Raleway|500|||||||&#8220; text_text_color=&#8220;#ffffff&#8220; text_font_size=&#8220;16px&#8220; text_line_height=&#8220;26px&#8220;]<a href=\"https:\/\/www.google.com\/maps\/place\/Chauffage+Schanen+S\u00e0rl+Heizung-Sanit\u00e4r-L\u00fcftung\/@49.7879826,6.0851515,19z\/data=!4m12!1m6!3m5!1s0x4795546cd9d9332d:0x2cdace553b34250c!2sBissen,+Z.A.C.+Klengbousbierg!8m2!3d49.790132!4d6.086216!3m4!1s0x47c004109d3c95a3:0x1b11d74677cb3f3!8m2!3d49.7880826!4d6.0845798\"><img loading=\"lazy\" decoding=\"async\" style=\"vertical-align: top; display: inline-block;\" src=\"https:\/\/c-s.lu\/wp-content\/uploads\/2020\/03\/icon-adress-cshanen-luxembourg.svg\" width=\"20\" height=\"20\" alt=\"\" class=\"wp-image-113 alignnone size-medium\" \/><span style=\"color: #fff; margin-left: 20px; vertical-align: middle; display: inline-block;\">Schanen Christian<br \/>\n26, ZAC Klengbousbierg<br \/>\nL-7795 Bissen<\/span><\/a>[\/et_pb_text][et_pb_text _builder_version=&#8220;4.4.1&#8243; text_font=&#8220;Raleway|500|||||||&#8220; text_text_color=&#8220;#ffffff&#8220; text_font_size=&#8220;16px&#8220; text_line_height=&#8220;26px&#8220;]<\/p>\n<div style=\"display: flex; justify-content: space-between;\">\n<p><a href=\"tel:+352 812406\"><img loading=\"lazy\" decoding=\"async\" style=\"vertical-align: top; display: inline-block;\" src=\"https:\/\/c-s.lu\/wp-content\/uploads\/2020\/03\/icon-phone-cshanen-luxembourg.svg\" width=\"20\" height=\"20\" alt=\"\" class=\"wp-image-113 alignnone size-medium\" \/><span style=\"color: #fff; margin-left: 20px; vertical-align: middle; display: inline-block;\">Tel: +352 812406<\/span><\/a><\/p>\n<p><a style=\"margin-left: 15px;\" href=\"mailto:info@c-s.lu\"><img loading=\"lazy\" decoding=\"async\" style=\"vertical-align: top; display: inline-block; margin-top: 2px;\" src=\"https:\/\/c-s.lu\/wp-content\/uploads\/2020\/03\/icon-mail-cshanen-luxembourg.svg\" width=\"20\" height=\"20\" alt=\"\" class=\"wp-image-113 alignnone size-medium\" \/><span style=\"color: #fff; margin-left: 20px; vertical-align: middle; display: inline-block;\">Mail: info@c-s.lu<\/span><\/a><\/p>\n<\/div>\n<p>[\/et_pb_text][\/et_pb_column][et_pb_column type=&#8220;3_5&#8243; _builder_version=&#8220;4.4.1&#8243; background_color=&#8220;#ffffff&#8220; border_width_all=&#8220;1px&#8220; border_color_all=&#8220;#EDEDF7&#8243;][et_pb_text _builder_version=&#8220;4.4.1&#8243; text_font=&#8220;Raleway|700|||||||&#8220; text_font_size=&#8220;26px&#8220; text_line_height=&#8220;36px&#8220; min_height=&#8220;92px&#8220; custom_margin=&#8220;||2px|||&#8220; custom_padding=&#8220;40px|20px|35px|40px|false|false&#8220; custom_padding_tablet=&#8220;20px||20px|20px|false|false&#8220; custom_padding_phone=&#8220;&#8220; custom_padding_last_edited=&#8220;on|tablet&#8220; text_font_size_tablet=&#8220;20px&#8220; text_font_size_phone=&#8220;&#8220; text_font_size_last_edited=&#8220;on|tablet&#8220;]<\/p>\n<p><a><img loading=\"lazy\" decoding=\"async\" style=\"margin-top: 10px; vertical-align: top; display: inline-block;\" src=\"https:\/\/c-s.lu\/wp-content\/uploads\/2020\/03\/icon-clock-cshanen-luxembourg.svg\" width=\"20\" height=\"20\" alt=\"\" class=\"wp-image-113 alignnone size-medium\" \/><span style=\"color: #211c56; margin-left: 20px; vertical-align: middle; display: inline-block;\">Unsere \u00d6ffnungszeiten<\/span><\/a><\/p>\n<p>[\/et_pb_text][et_pb_text _builder_version=&#8220;4.4.1&#8243; text_font=&#8220;Raleway|700|||||||&#8220; text_text_color=&#8220;#211C56&#8243; text_font_size=&#8220;16px&#8220; text_line_height=&#8220;28px&#8220; custom_margin=&#8220;||3px|||&#8220; custom_padding=&#8220;18px|40px||40px|false|false&#8220; custom_padding_tablet=&#8220;20px||20px|20px|false|false&#8220; custom_padding_phone=&#8220;&#8220; custom_padding_last_edited=&#8220;on|tablet&#8220; border_width_top=&#8220;1px&#8220; border_color_top=&#8220;#EDEDF7&#8243;]<\/p>\n<div style=\"display: flex; justify-content: space-between;\">\n<p><span>Montag &#8211; Freitag<\/span><\/p>\n<ul>\n<li>8:00 &#8211; 12:00<\/li>\n<li>13:00 &#8211; 17:00<\/li>\n<\/ul>\n<\/div>\n<p>[\/et_pb_text][et_pb_text _builder_version=&#8220;4.4.1&#8243; text_font=&#8220;Raleway|700|||||||&#8220; text_text_color=&#8220;#211C56&#8243; text_font_size=&#8220;16px&#8220; text_line_height=&#8220;28px&#8220; custom_padding=&#8220;14px|40px||40px|false|false&#8220; custom_padding_tablet=&#8220;20px||20px|20px|false|false&#8220; custom_padding_phone=&#8220;&#8220; custom_padding_last_edited=&#8220;on|tablet&#8220; border_width_top=&#8220;1px&#8220; border_color_top=&#8220;#EDEDF7&#8243;]<\/p>\n<div style=\"display: flex; justify-content: space-between;\">\n<p><span>Samstag &#8211; Sonntag<\/span><\/p>\n<ul>\n<li style=\"border: none;\">Notdienst<\/li>\n<\/ul>\n<\/div>\n<p>[\/et_pb_text][\/et_pb_column][\/et_pb_row][\/et_pb_section][et_pb_section fb_built=&#8220;1&#8243; _builder_version=&#8220;4.4.1&#8243; custom_margin=&#8220;||||false|false&#8220; custom_padding=&#8220;4px||7px||false|false&#8220;][et_pb_row _builder_version=&#8220;4.4.1&#8243; width=&#8220;90%&#8220; max_width=&#8220;1199px&#8220; custom_padding=&#8220;||6px|||&#8220; global_module=&#8220;1085&#8243; saved_tabs=&#8220;all&#8220; locked=&#8220;off&#8220;][et_pb_column type=&#8220;4_4&#8243; _builder_version=&#8220;4.4.1&#8243;][et_pb_text _builder_version=&#8220;4.4.1&#8243;]<iframe loading=\"lazy\" src=\"https:\/\/www.google.com\/maps\/embed?pb=!1m18!1m12!1m3!1d2575.8925229380297!2d6.082391215017801!3d49.78808604275013!2m3!1f0!2f0!3f0!3m2!1i1024!2i768!4f13.1!3m3!1m2!1s0x47c004109d3c95a3%3A0x1b11d74677cb3f3!2sChauffage%20Schanen%20S%C3%A0rl%20Heizung-Sanit%C3%A4r-L%C3%BCftung!5e0!3m2!1sde!2sde!4v1590422852895!5m2!1sde!2sde\" width=\"100%\" height=\"450\" frameborder=\"0\" style=\"border: 0;\" allowfullscreen=\"\" aria-hidden=\"false\" tabindex=\"0\"><\/iframe>[\/et_pb_text][\/et_pb_column][\/et_pb_row][\/et_pb_section]<\/p>\n","protected":false},"excerpt":{"rendered":"<p>[et_pb_section fb_built=&#8220;1&#8243; _builder_version=&#8220;4.4.1&#8243; background_image=&#8220;https:\/\/c-s.lu\/wp-content\/uploads\/2020\/04\/services-header-cshanen-luxembourg.jpg&#8220; height=&#8220;340px&#8220;][et_pb_row custom_padding_last_edited=&#8220;on|tablet&#8220; _builder_version=&#8220;4.4.1&#8243; max_width=&#8220;712px&#8220; max_width_tablet=&#8220;&#8220; max_width_phone=&#8220;&#8220; max_width_last_edited=&#8220;on|desktop&#8220; custom_padding_tablet=&#8220;|20px||20px|false|false&#8220; custom_padding_phone=&#8220;&#8220;][et_pb_column type=&#8220;4_4&#8243; _builder_version=&#8220;4.4.1&#8243;][et_pb_image src=&#8220;https:\/\/c-s.lu\/wp-content\/uploads\/2020\/06\/icon-syst\u00e8mes-solaires-cshanen-luxembourg.png&#8220; align=&#8220;center&#8220; _builder_version=&#8220;4.4.1&#8243; custom_padding=&#8220;60px|||||&#8220;][\/et_pb_image][et_pb_text _builder_version=&#8220;4.4.1&#8243; header_3_font=&#8220;Raleway|700|||||||&#8220; header_3_text_color=&#8220;#ffffff&#8220; header_3_font_size=&#8220;26px&#8220; header_3_line_height=&#8220;50px&#8220; custom_margin=&#8220;0px||10px||false|false&#8220; custom_padding=&#8220;||0px|||&#8220;] Solarenergie [\/et_pb_text][\/et_pb_column][\/et_pb_row][\/et_pb_section][et_pb_section fb_built=&#8220;1&#8243; _builder_version=&#8220;4.4.1&#8243; custom_padding=&#8220;0px||4px|||&#8220;][et_pb_row column_structure=&#8220;1_3,2_3&#8243; _builder_version=&#8220;4.4.1&#8243; width=&#8220;90%&#8220; max_width=&#8220;1199px&#8220; custom_padding=&#8220;35px||75px|||&#8220;][et_pb_column type=&#8220;1_3&#8243; _builder_version=&#8220;4.4.1&#8243;][et_pb_text module_class=&#8220;t1-desktop-none&#8220; _builder_version=&#8220;4.4.1&#8243; max_width=&#8220;330px&#8220; module_alignment=&#8220;left&#8220; custom_margin=&#8220;||2px|||&#8220; module_alignment_tablet=&#8220;center&#8220; module_alignment_phone=&#8220;&#8220; module_alignment_last_edited=&#8220;on|tablet&#8220;] [\/et_pb_text][et_pb_text module_class=&#8220;t1-desktop-none&#8220; _builder_version=&#8220;4.5.1&#8243; header_3_font=&#8220;Raleway|700|||||||&#8220; header_3_text_color=&#8220;#0E0A36&#8243; header_3_font_size=&#8220;18px&#8220; header_3_line_height=&#8220;28px&#8220; max_width=&#8220;330px&#8220; module_alignment=&#8220;left&#8220; [&hellip;]<\/p>\n","protected":false},"author":2,"featured_media":0,"parent":0,"menu_order":0,"comment_status":"closed","ping_status":"closed","template":"","meta":{"_et_pb_use_builder":"on","_et_pb_old_content":"","_et_gb_content_width":"","inline_featured_image":false,"footnotes":""},"class_list":["post-850","page","type-page","status-publish","hentry"],"yoast_head":"<!-- This site is optimized with the Yoast SEO plugin v27.3 - https:\/\/yoast.com\/product\/yoast-seo-wordpress\/ -->\n<title>Solarenergie in Luxemburg | Nutzen Sie die Kraft der Sonne | C. Schanen<\/title>\n<meta name=\"description\" content=\"Produzieren Sie mit leistungsf\u00e4higen Solar PV-Modulen elektrischen Strom und sparen Sie dabei viel Geld! Holen Sie sich Ihr individuelles Angebot | Telefon: +352 812 406\" \/>\n<meta name=\"robots\" content=\"index, follow, max-snippet:-1, max-image-preview:large, max-video-preview:-1\" \/>\n<link rel=\"canonical\" href=\"https:\/\/c-s.lu\/de\/solarenergie\/\" \/>\n<meta property=\"og:locale\" content=\"de_DE\" \/>\n<meta property=\"og:type\" content=\"article\" \/>\n<meta property=\"og:title\" content=\"Solarenergie in Luxemburg | Nutzen Sie die Kraft der Sonne | C. Schanen\" \/>\n<meta property=\"og:description\" content=\"Produzieren Sie mit leistungsf\u00e4higen Solar PV-Modulen elektrischen Strom und sparen Sie dabei viel Geld! Holen Sie sich Ihr individuelles Angebot | Telefon: +352 812 406\" \/>\n<meta property=\"og:url\" content=\"https:\/\/c-s.lu\/de\/solarenergie\/\" \/>\n<meta property=\"og:site_name\" content=\"C.Schanen S\u00e0rl\" \/>\n<meta property=\"article:publisher\" content=\"https:\/\/www.facebook.com\/CSchanen-s%c3%a0rl-1661670397419646\/\" \/>\n<meta property=\"article:modified_time\" content=\"2020-07-21T15:15:36+00:00\" \/>\n<meta property=\"og:image\" content=\"https:\/\/c-s.lu\/wp-content\/uploads\/2020\/03\/icon-adress-cshanen-luxembourg.svg\" \/>\n<meta name=\"twitter:card\" content=\"summary_large_image\" \/>\n<meta name=\"twitter:label1\" content=\"Gesch\u00e4tzte Lesezeit\" \/>\n\t<meta name=\"twitter:data1\" content=\"6\u00a0Minuten\" \/>\n<script type=\"application\/ld+json\" class=\"yoast-schema-graph\">{\"@context\":\"https:\\\/\\\/schema.org\",\"@graph\":[{\"@type\":\"WebPage\",\"@id\":\"https:\\\/\\\/c-s.lu\\\/de\\\/solarenergie\\\/\",\"url\":\"https:\\\/\\\/c-s.lu\\\/de\\\/solarenergie\\\/\",\"name\":\"Solarenergie in Luxemburg | Nutzen Sie die Kraft der Sonne | C. Schanen\",\"isPartOf\":{\"@id\":\"https:\\\/\\\/c-s.lu\\\/#website\"},\"primaryImageOfPage\":{\"@id\":\"https:\\\/\\\/c-s.lu\\\/de\\\/solarenergie\\\/#primaryimage\"},\"image\":{\"@id\":\"https:\\\/\\\/c-s.lu\\\/de\\\/solarenergie\\\/#primaryimage\"},\"thumbnailUrl\":\"https:\\\/\\\/c-s.lu\\\/wp-content\\\/uploads\\\/2020\\\/03\\\/icon-adress-cshanen-luxembourg.svg\",\"datePublished\":\"2020-04-03T02:38:40+00:00\",\"dateModified\":\"2020-07-21T15:15:36+00:00\",\"description\":\"Produzieren Sie mit leistungsf\u00e4higen Solar PV-Modulen elektrischen Strom und sparen Sie dabei viel Geld! Holen Sie sich Ihr individuelles Angebot | Telefon: +352 812 406\",\"breadcrumb\":{\"@id\":\"https:\\\/\\\/c-s.lu\\\/de\\\/solarenergie\\\/#breadcrumb\"},\"inLanguage\":\"de\",\"potentialAction\":[{\"@type\":\"ReadAction\",\"target\":[\"https:\\\/\\\/c-s.lu\\\/de\\\/solarenergie\\\/\"]}]},{\"@type\":\"ImageObject\",\"inLanguage\":\"de\",\"@id\":\"https:\\\/\\\/c-s.lu\\\/de\\\/solarenergie\\\/#primaryimage\",\"url\":\"https:\\\/\\\/c-s.lu\\\/wp-content\\\/uploads\\\/2020\\\/03\\\/icon-adress-cshanen-luxembourg.svg\",\"contentUrl\":\"https:\\\/\\\/c-s.lu\\\/wp-content\\\/uploads\\\/2020\\\/03\\\/icon-adress-cshanen-luxembourg.svg\"},{\"@type\":\"BreadcrumbList\",\"@id\":\"https:\\\/\\\/c-s.lu\\\/de\\\/solarenergie\\\/#breadcrumb\",\"itemListElement\":[{\"@type\":\"ListItem\",\"position\":1,\"name\":\"Home\",\"item\":\"https:\\\/\\\/c-s.lu\\\/de\\\/\"},{\"@type\":\"ListItem\",\"position\":2,\"name\":\"Solarenergie\"}]},{\"@type\":\"WebSite\",\"@id\":\"https:\\\/\\\/c-s.lu\\\/#website\",\"url\":\"https:\\\/\\\/c-s.lu\\\/\",\"name\":\"C.Schanen S\u00e0rl\",\"description\":\"C.Schanen S\u00e0rl\",\"publisher\":{\"@id\":\"https:\\\/\\\/c-s.lu\\\/#organization\"},\"potentialAction\":[{\"@type\":\"SearchAction\",\"target\":{\"@type\":\"EntryPoint\",\"urlTemplate\":\"https:\\\/\\\/c-s.lu\\\/?s={search_term_string}\"},\"query-input\":{\"@type\":\"PropertyValueSpecification\",\"valueRequired\":true,\"valueName\":\"search_term_string\"}}],\"inLanguage\":\"de\"},{\"@type\":\"Organization\",\"@id\":\"https:\\\/\\\/c-s.lu\\\/#organization\",\"name\":\"C. Schanen\",\"url\":\"https:\\\/\\\/c-s.lu\\\/\",\"logo\":{\"@type\":\"ImageObject\",\"inLanguage\":\"de\",\"@id\":\"https:\\\/\\\/c-s.lu\\\/#\\\/schema\\\/logo\\\/image\\\/\",\"url\":\"https:\\\/\\\/c-s.lu\\\/wp-content\\\/uploads\\\/2020\\\/08\\\/Screenshot_1.png\",\"contentUrl\":\"https:\\\/\\\/c-s.lu\\\/wp-content\\\/uploads\\\/2020\\\/08\\\/Screenshot_1.png\",\"width\":250,\"height\":247,\"caption\":\"C. Schanen\"},\"image\":{\"@id\":\"https:\\\/\\\/c-s.lu\\\/#\\\/schema\\\/logo\\\/image\\\/\"},\"sameAs\":[\"https:\\\/\\\/www.facebook.com\\\/CSchanen-s\u00e0rl-1661670397419646\\\/\"]}]}<\/script>\n<!-- \/ Yoast SEO plugin. -->","yoast_head_json":{"title":"Solarenergie in Luxemburg | Nutzen Sie die Kraft der Sonne | C. Schanen","description":"Produzieren Sie mit leistungsf\u00e4higen Solar PV-Modulen elektrischen Strom und sparen Sie dabei viel Geld! Holen Sie sich Ihr individuelles Angebot | Telefon: +352 812 406","robots":{"index":"index","follow":"follow","max-snippet":"max-snippet:-1","max-image-preview":"max-image-preview:large","max-video-preview":"max-video-preview:-1"},"canonical":"https:\/\/c-s.lu\/de\/solarenergie\/","og_locale":"de_DE","og_type":"article","og_title":"Solarenergie in Luxemburg | Nutzen Sie die Kraft der Sonne | C. Schanen","og_description":"Produzieren Sie mit leistungsf\u00e4higen Solar PV-Modulen elektrischen Strom und sparen Sie dabei viel Geld! Holen Sie sich Ihr individuelles Angebot | Telefon: +352 812 406","og_url":"https:\/\/c-s.lu\/de\/solarenergie\/","og_site_name":"C.Schanen S\u00e0rl","article_publisher":"https:\/\/www.facebook.com\/CSchanen-s%c3%a0rl-1661670397419646\/","article_modified_time":"2020-07-21T15:15:36+00:00","og_image":[{"url":"https:\/\/c-s.lu\/wp-content\/uploads\/2020\/03\/icon-adress-cshanen-luxembourg.svg","type":"","width":"","height":""}],"twitter_card":"summary_large_image","twitter_misc":{"Gesch\u00e4tzte Lesezeit":"6\u00a0Minuten"},"schema":{"@context":"https:\/\/schema.org","@graph":[{"@type":"WebPage","@id":"https:\/\/c-s.lu\/de\/solarenergie\/","url":"https:\/\/c-s.lu\/de\/solarenergie\/","name":"Solarenergie in Luxemburg | Nutzen Sie die Kraft der Sonne | C. Schanen","isPartOf":{"@id":"https:\/\/c-s.lu\/#website"},"primaryImageOfPage":{"@id":"https:\/\/c-s.lu\/de\/solarenergie\/#primaryimage"},"image":{"@id":"https:\/\/c-s.lu\/de\/solarenergie\/#primaryimage"},"thumbnailUrl":"https:\/\/c-s.lu\/wp-content\/uploads\/2020\/03\/icon-adress-cshanen-luxembourg.svg","datePublished":"2020-04-03T02:38:40+00:00","dateModified":"2020-07-21T15:15:36+00:00","description":"Produzieren Sie mit leistungsf\u00e4higen Solar PV-Modulen elektrischen Strom und sparen Sie dabei viel Geld! Holen Sie sich Ihr individuelles Angebot | Telefon: +352 812 406","breadcrumb":{"@id":"https:\/\/c-s.lu\/de\/solarenergie\/#breadcrumb"},"inLanguage":"de","potentialAction":[{"@type":"ReadAction","target":["https:\/\/c-s.lu\/de\/solarenergie\/"]}]},{"@type":"ImageObject","inLanguage":"de","@id":"https:\/\/c-s.lu\/de\/solarenergie\/#primaryimage","url":"https:\/\/c-s.lu\/wp-content\/uploads\/2020\/03\/icon-adress-cshanen-luxembourg.svg","contentUrl":"https:\/\/c-s.lu\/wp-content\/uploads\/2020\/03\/icon-adress-cshanen-luxembourg.svg"},{"@type":"BreadcrumbList","@id":"https:\/\/c-s.lu\/de\/solarenergie\/#breadcrumb","itemListElement":[{"@type":"ListItem","position":1,"name":"Home","item":"https:\/\/c-s.lu\/de\/"},{"@type":"ListItem","position":2,"name":"Solarenergie"}]},{"@type":"WebSite","@id":"https:\/\/c-s.lu\/#website","url":"https:\/\/c-s.lu\/","name":"C.Schanen S\u00e0rl","description":"C.Schanen S\u00e0rl","publisher":{"@id":"https:\/\/c-s.lu\/#organization"},"potentialAction":[{"@type":"SearchAction","target":{"@type":"EntryPoint","urlTemplate":"https:\/\/c-s.lu\/?s={search_term_string}"},"query-input":{"@type":"PropertyValueSpecification","valueRequired":true,"valueName":"search_term_string"}}],"inLanguage":"de"},{"@type":"Organization","@id":"https:\/\/c-s.lu\/#organization","name":"C. Schanen","url":"https:\/\/c-s.lu\/","logo":{"@type":"ImageObject","inLanguage":"de","@id":"https:\/\/c-s.lu\/#\/schema\/logo\/image\/","url":"https:\/\/c-s.lu\/wp-content\/uploads\/2020\/08\/Screenshot_1.png","contentUrl":"https:\/\/c-s.lu\/wp-content\/uploads\/2020\/08\/Screenshot_1.png","width":250,"height":247,"caption":"C. Schanen"},"image":{"@id":"https:\/\/c-s.lu\/#\/schema\/logo\/image\/"},"sameAs":["https:\/\/www.facebook.com\/CSchanen-s\u00e0rl-1661670397419646\/"]}]}},"_links":{"self":[{"href":"https:\/\/c-s.lu\/de\/wp-json\/wp\/v2\/pages\/850","targetHints":{"allow":["GET"]}}],"collection":[{"href":"https:\/\/c-s.lu\/de\/wp-json\/wp\/v2\/pages"}],"about":[{"href":"https:\/\/c-s.lu\/de\/wp-json\/wp\/v2\/types\/page"}],"author":[{"embeddable":true,"href":"https:\/\/c-s.lu\/de\/wp-json\/wp\/v2\/users\/2"}],"replies":[{"embeddable":true,"href":"https:\/\/c-s.lu\/de\/wp-json\/wp\/v2\/comments?post=850"}],"version-history":[{"count":0,"href":"https:\/\/c-s.lu\/de\/wp-json\/wp\/v2\/pages\/850\/revisions"}],"wp:attachment":[{"href":"https:\/\/c-s.lu\/de\/wp-json\/wp\/v2\/media?parent=850"}],"curies":[{"name":"wp","href":"https:\/\/api.w.org\/{rel}","templated":true}]}}